{"id":2,"date":"2019-11-12T14:41:44","date_gmt":"2019-11-12T19:41:44","guid":{"rendered":"http:\/\/kylea-wp.eproctorcanada.com\/?page_id=2"},"modified":"2026-03-23T07:06:17","modified_gmt":"2026-03-23T11:06:17","slug":"home","status":"publish","type":"page","link":"https:\/\/www.eproctorcanada.com\/fr\/","title":{"rendered":"home"},"content":{"rendered":"<a href=\"#\"><\/a>\n\t\t<h3>Veuillez noter<\/h3>\n\t\t<p>Une nouvelle version d\u2019eProctor Canada est maintenant disponible. Veuillez <strong><a href=\"https:\/\/app.eproctorcanada.com\/download\">download v1.4.0<\/a><\/strong>\u00a0de l\u2019application eProctor Canada afin de prendre votre examen.<\/p>\n\t\t\t<a href=\"https:\/\/app.eproctorcanada.com?kc_locale=fr\" target=\"_self\" role=\"button\" rel=\"noopener noreferrer\">\n\t\t\t\t\t\t\tSe connecter\n\t\t\t<\/a>\n\t\t\t\t<img src=\"https:\/\/www.eproctorcanada.com\/wp-content\/uploads\/2020\/02\/logowhite.svg\" alt=\"logowhite.svg\" itemprop=\"image\" title=\"logowhite.svg\" onerror=\"this.style.display='none'\"  \/>\n<h2>\n\t\tProt\u00e9ger l\u2019int\u00e9grit\u00e9 d'un examen, maintenir la cr\u00e9dibilit\u00e9\n\t<\/h2>\n\t\t\t<a href=\"https:\/\/www.eproctorcanada.com\/fr\/how-to-use-eproctor-canada\/\" target=\"_self\" role=\"button\" rel=\"noopener noreferrer\">\n\t\t\t\t\t\t\u00c9tapes pour r\u00e9server un examen\n\t\t\t\t\t<\/a>\n\t\t\t<a href=\"https:\/\/app.eproctorcanada.com?kc_locale=fr\" target=\"_blank\" role=\"button\" rel=\"noopener noreferrer\">\n\t\t\t\t\t\t\tR\u00e9servez un examen\n\t\t\t<\/a>\n\t<h2>Pratique<\/h2>\n<p>Avec eProctor vous pouvez passer votre examen dans le confort de votre maison<\/p>\n\t<h2>Facile<\/h2>\n<p>Tout ce dont vous avez besoin est un ordinateur avec une connexion Internet haute vitesse, une webcam et un microphone, nos surveillants g\u00e8rent le reste.<\/p>\n\t<h2>Abordable<\/h2>\n<p>eProctor vous permet d\u2019\u00e9conomiser sur les frais de d\u00e9placement associ\u00e9s \u00e0 la surveillance en personne<\/p>\n<h1>\n\t\tVid\u00e9os p\u00e9dagogiques\n\t<\/h1>\n\t<meta itemprop=\"url\" content=\"https:\/\/www.eproctorcanada.com\/wp-content\/uploads\/videos\/JX0015_vid01_eproctor_account_creation.mp4\" \/><div style=\"width: 640px;\" class=\"wp-video\"><!--[if lt IE 9]><script>document.createElement('video');<\/script><![endif]-->\n<video class=\"wp-video-shortcode\" id=\"video-2-1\" width=\"640\" height=\"360\" poster=\"https:\/\/www.eproctorcanada.com\/wp-content\/uploads\/2022\/10\/create_account_poster.png\" preload=\"none\" controls=\"controls\"><source type=\"video\/mp4\" src=\"https:\/\/www.eproctorcanada.com\/wp-content\/uploads\/videos\/JX0015_vid01_eproctor_account_creation.mp4?_=1\" \/><a href=\"https:\/\/www.eproctorcanada.com\/wp-content\/uploads\/videos\/JX0015_vid01_eproctor_account_creation.mp4\">https:\/\/www.eproctorcanada.com\/wp-content\/uploads\/videos\/JX0015_vid01_eproctor_account_creation.mp4<\/a><\/video><\/div>\n\t<meta itemprop=\"url\" content=\"https:\/\/www.eproctorcanada.com\/wp-content\/uploads\/videos\/JX0015_vid03_eproctor-login-exam.mp4\" \/><div style=\"width: 640px;\" class=\"wp-video\"><video class=\"wp-video-shortcode\" id=\"video-2-2\" width=\"640\" height=\"360\" poster=\"https:\/\/www.eproctorcanada.com\/wp-content\/uploads\/2022\/10\/login_poster.png\" preload=\"none\" controls=\"controls\"><source type=\"video\/mp4\" src=\"https:\/\/www.eproctorcanada.com\/wp-content\/uploads\/videos\/JX0015_vid03_eproctor-login-exam.mp4?_=2\" \/><a href=\"https:\/\/www.eproctorcanada.com\/wp-content\/uploads\/videos\/JX0015_vid03_eproctor-login-exam.mp4\">https:\/\/www.eproctorcanada.com\/wp-content\/uploads\/videos\/JX0015_vid03_eproctor-login-exam.mp4<\/a><\/video><\/div>\n\t<meta itemprop=\"url\" content=\"https:\/\/www.eproctorcanada.com\/wp-content\/uploads\/videos\/JX0015_vid02_eproctor-book_exam.mp4\" \/><div style=\"width: 640px;\" class=\"wp-video\"><video class=\"wp-video-shortcode\" id=\"video-2-3\" width=\"640\" height=\"360\" poster=\"https:\/\/www.eproctorcanada.com\/wp-content\/uploads\/2022\/10\/register.png\" preload=\"none\" controls=\"controls\"><source type=\"video\/mp4\" src=\"https:\/\/www.eproctorcanada.com\/wp-content\/uploads\/videos\/JX0015_vid02_eproctor-book_exam.mp4?_=3\" \/><a href=\"https:\/\/www.eproctorcanada.com\/wp-content\/uploads\/videos\/JX0015_vid02_eproctor-book_exam.mp4\">https:\/\/www.eproctorcanada.com\/wp-content\/uploads\/videos\/JX0015_vid02_eproctor-book_exam.mp4<\/a><\/video><\/div>\n<h2>\n\t\t<a href=\"https:\/\/www.eproctorcanada.com\/fr\/faq\/\" title=\"Vous avez des questions ? Consultez notre FAQ\" target=\"_self\" rel=\"noopener noreferrer\">\n\t\tVous avez des questions ? Consultez notre FAQ\n\t\t<\/a>\n\t<\/h2>\n<h2>\n\t\tSe sentir confiant de prot\u00e9ger l'int\u00e9grit\u00e9 de l'examen \n\t<\/h2>\n\t<p>eProctor Canada&#8217;s system was built to provide convenience to organizations and students while ensuring the ability to maintain integrity and top security. Our certified, live online proctors are trained in customer service and how to detect and record suspicious behavior and intervene when necessary.<\/p>\n\t\t\t\t<img loading=\"lazy\" src=\"https:\/\/www.eproctorcanada.com\/wp-content\/uploads\/2020\/07\/thumbnail.jpg\" alt=\"thumbnail\" itemprop=\"image\" height=\"849\" width=\"1466\" title=\"thumbnail\" onerror=\"this.style.display='none'\"  \/>\n\t<h2>Nombres incroyable<\/h2>\n\t\t\t\t\tOver\n\t\t50,000\n\t<h3>Examens surveill\u00e9s<\/h3>\n<p>Avec beaucoup plus d\u2019examens \u00e9tant r\u00e9serv\u00e9 chaque semaine!<\/p>\n\t\t5\n\t<h3>\u00c9toiles<\/h3>\n<p>Les utilisateurs ont \u00e9valu\u00e9 eProctor Canada 4.5 \u00e9toiles sur 5<\/p>\n\t<h2>Ce que les gens disent<\/h2>\n\t\t\t<p>&#8220;It was great being able to read questions aloud without disturbing anyone else during the exam.&#8221;<\/p>\t\t\n\t\t\t<p>&#8220;eProctor is a very useful tool for people like me who have limited time to get to a classroom for an exam.&#8221;<\/p>\t\t\n\t\t\t<p>&#8220;Scheduling and completing my exam was easy, especially since there is someone guiding you through the process.&#8221;<\/p>\t\t\n\t\t\t<p>&#8220;I really enjoyed using eProctor.\u00a0 I&#8217;ll be recommending this platform to my staff moving forward.&#8221;<\/p>\t\t\n\t\t\t<p>&#8220;My learning disability often inhibits me from doing well on an exam in a class setting. Using eProctor allowed me to finish my exam in an inclusive setting.&#8221;<\/p>\t\t\n\t<h2>Pr\u00eat \u00e0 d\u00e9couvrir comment <br \/>\neProctor peut fonctionner pour vous?<\/h2>\n\t\t\t<a href=\"https:\/\/www.eproctorcanada.com\/fr\/contact-us\/\" target=\"_blank\" role=\"button\" rel=\"noopener noreferrer\">\n\t\t\t\t\t\tContactez-nous\n\t\t\t\t\t<\/a>","protected":false},"excerpt":{"rendered":"<p>Please Note A new version of eProctor Canada is now available. Please download v1.4.0\u00a0of the eProctor Canada Application in order to complete your exam. Log In Protect Exam Integrity, Maintain Credibility Steps for Booking Exam Book an Exam Convenient With eProctor you can write your exam from the comfort of your home Easy All you&hellip;<\/p>","protected":false},"author":1,"featured_media":0,"parent":0,"menu_order":0,"comment_status":"closed","ping_status":"closed","template":"","meta":[],"_links":{"self":[{"href":"https:\/\/www.eproctorcanada.com\/fr\/wp-json\/wp\/v2\/pages\/2"}],"collection":[{"href":"https:\/\/www.eproctorcanada.com\/fr\/wp-json\/wp\/v2\/pages"}],"about":[{"href":"https:\/\/www.eproctorcanada.com\/fr\/wp-json\/wp\/v2\/types\/page"}],"author":[{"embeddable":true,"href":"https:\/\/www.eproctorcanada.com\/fr\/wp-json\/wp\/v2\/users\/1"}],"replies":[{"embeddable":true,"href":"https:\/\/www.eproctorcanada.com\/fr\/wp-json\/wp\/v2\/comments?post=2"}],"version-history":[{"count":198,"href":"https:\/\/www.eproctorcanada.com\/fr\/wp-json\/wp\/v2\/pages\/2\/revisions"}],"predecessor-version":[{"id":11161,"href":"https:\/\/www.eproctorcanada.com\/fr\/wp-json\/wp\/v2\/pages\/2\/revisions\/11161"}],"wp:attachment":[{"href":"https:\/\/www.eproctorcanada.com\/fr\/wp-json\/wp\/v2\/media?parent=2"}],"curies":[{"name":"wp","href":"https:\/\/api.w.org\/{rel}","templated":true}]}}