{"id":10715,"date":"2020-05-19T14:55:30","date_gmt":"2020-05-19T18:55:30","guid":{"rendered":"https:\/\/www.eproctorcanada.com\/?page_id=10715"},"modified":"2021-07-08T13:15:22","modified_gmt":"2021-07-08T17:15:22","slug":"live-proctoring-services","status":"publish","type":"page","link":"https:\/\/www.eproctorcanada.com\/fr\/live-proctoring-services\/","title":{"rendered":"Services de surveillance en direct"},"content":{"rendered":"<a href=\"https:\/\/www.eproctorcanada.com\/fr\/\" target=\"_self\" itemprop=\"url\" rel=\"noopener noreferrer\">\n\t\t\t\t<img src=\"https:\/\/www.eproctorcanada.com\/wp-content\/uploads\/2020\/02\/logowhite.svg\" alt=\"logowhite\" itemprop=\"image\" title=\"logowhite\" onerror=\"this.style.display='none'\"  \/>\n\t\t\t\t<\/a>\n<h1>\n\t\tServices de surveillance en direct\n\t<\/h1>\n\t<p>Prot\u00e9gez l'int\u00e9grit\u00e9 de votre examen en ligne<\/p>\n\t\t\t<a href=\"https:\/\/www.eproctorcanada.com\/fr\/contact-us\/\" target=\"_self\" role=\"button\" rel=\"noopener noreferrer\">\n\t\t\t\t\t\t\tDemander une d\u00e9monstration\n\t\t\t\t\t<\/a>\n<h3>\n\t\tProtect Integrity &#038; Maintain Credibility\n\t<\/h3>\n\t<p>Certified live proctors monitor test-takers on a 6:1 student to proctor ratio. eProctor Canada&#8217;s live proctor&#8217;s confirm identities, ensure test-takers spaces are cohesive with exam protocols, and monitor test takers video and audio for the duration of the exam.<\/p>\n\t\t\t\t<a href=\"#\" target=\"_self\" itemprop=\"url\" rel=\"noopener noreferrer\">\n\t\t\t\t<img loading=\"lazy\" src=\"https:\/\/www.eproctorcanada.com\/wp-content\/uploads\/bb-plugin\/cache\/eproctor_video-landscape.jpg\" alt=\"Rearview shot of a young call centre agent working in an office\" itemprop=\"image\" height=\"240\" width=\"360\" title=\"Let me quickly pull your details from our system...\" onerror=\"this.style.display='none'\"  \/>\n\t\t\t\t<\/a>\n<h3><a href=\"#\" target=\"_self\" rel=\"noopener noreferrer\">Reporting &#038; Video Review<\/a><\/h3>\t\t\n\t\t\t<p>eProctor Canada fournit des rapports pour chaque examen. Cela inclut les comportements signal\u00e9s avec horodatage et enregistrements vid\u00e9o.<\/p>\n\t\t\t\t<a href=\"#\" target=\"_self\" itemprop=\"url\" rel=\"noopener noreferrer\">\n\t\t\t\t<img loading=\"lazy\" src=\"https:\/\/www.eproctorcanada.com\/wp-content\/uploads\/2020\/07\/Canadian-1.jpg\" alt=\"Canadian\" itemprop=\"image\" height=\"240\" width=\"360\" title=\"Canadian\" onerror=\"this.style.display='none'\"  \/>\n\t\t\t\t<\/a>\n<h3><a href=\"#\" target=\"_self\" rel=\"noopener noreferrer\">100 % Canadien<\/a><\/h3>\t\t\n\t\t\t<p>eProctor Canada est g\u00e9r\u00e9 et d\u00e9tenu \u00e0 100 % par des Canadiens. Tous les renseignements sont stock\u00e9s au Canada et prot\u00e9g\u00e9s en vertu de la Loi canadienne sur la protection des renseignements personnels.<\/p>\n\t\t\t\t<a href=\"#\" target=\"_self\" itemprop=\"url\" rel=\"noopener noreferrer\">\n\t\t\t\t<img loading=\"lazy\" src=\"https:\/\/www.eproctorcanada.com\/wp-content\/uploads\/2020\/07\/eproctor_prevention.jpg\" alt=\"Rearview shot of a young call centre agent working in an office\" itemprop=\"image\" height=\"240\" width=\"360\" title=\"Let me quickly pull your details from our system...\" onerror=\"this.style.display='none'\"  \/>\n\t\t\t\t<\/a>\n<h3><a href=\"#\" target=\"_self\" rel=\"noopener noreferrer\">Prevention &#038; Intervention<\/a><\/h3>\t\t\n\t\t\t<p>Before each exam, proctors will complete a sweep of the test-taker&#8217;s area. Proctors are trained to determine and flag suspicious behavior and intervene when neccessary.<\/p>\n\t\t\t\t<a href=\"#\" target=\"_self\" itemprop=\"url\" rel=\"noopener noreferrer\">\n\t\t\t\t<img src=\"https:\/\/demos.wpbeaverbuilder.com\/wp-content\/uploads\/sites\/4\/2014\/07\/about.jpg\" alt=\"\" itemprop=\"image\" onerror=\"this.style.display='none'\"  \/>\n\t\t\t\t<\/a>\n<h3><a href=\"#\" target=\"_self\" rel=\"noopener noreferrer\">Mis \u00e0 l\u2019essai et approuv\u00e9<\/a><\/h3>\t\t\n\t\t\t<p>eProctor Canada a \u00e9t\u00e9 mis \u00e0 l\u2019essai et approuv\u00e9 par des \u00e9tablissements d\u2019enseignement postsecondaire comme Holland College et registraires provinciaux de la s\u00e9curit\u00e9 publique.<\/p>\n\t\t\t\t<a href=\"#\" target=\"_self\" itemprop=\"url\" rel=\"noopener noreferrer\">\n\t\t\t\t<img loading=\"lazy\" src=\"https:\/\/www.eproctorcanada.com\/wp-content\/uploads\/2020\/07\/compatibility.jpg\" alt=\"compatibility\" itemprop=\"image\" height=\"240\" width=\"360\" title=\"compatibility\" onerror=\"this.style.display='none'\"  \/>\n\t\t\t\t<\/a>\n<h3><a href=\"#\" target=\"_self\" rel=\"noopener noreferrer\">Compatibilit\u00e9 SGA<\/a><\/h3>\t\t\n\t\t\t<p>eProctor Canada&#8217;s unique system allows access to online exams from any LMS. Additionally, eProctor Canada can provide a custom online testing area.<\/p>\n\t\t\t\t<a href=\"#\" target=\"_self\" itemprop=\"url\" rel=\"noopener noreferrer\">\n\t\t\t\t<img src=\"https:\/\/demos.wpbeaverbuilder.com\/wp-content\/uploads\/sites\/4\/2014\/07\/contact.jpg\" alt=\"\" itemprop=\"image\" onerror=\"this.style.display='none'\"  \/>\n\t\t\t\t<\/a>\n<h3><a href=\"#\" target=\"_self\" rel=\"noopener noreferrer\">Soutien aux utilisateurs<\/a><\/h3>\t\t\n\t\t\t<p>eProctor Canada&#8217;s unique system allows access to online exams from any LMS. Additionally, eProctor Canada can provide a custom online testing area to meet the needs for your organization.<\/p>\n\t\t<h3>Pr\u00eat \u00e0 en savoir plus? Commencez d\u00e8s aujourd\u2019hui!<\/h3>\n\t\t<p>D\u00e9couvrez comment eProctor Canada peut vous aider.<\/p>\n\t\t\t<a href=\"mailto:inquiries@eproctorcanada.com\" target=\"_self\" role=\"button\" rel=\"noopener noreferrer\">\n\t\t\t\t\t\t\tContactez-nous\n\t\t\t\t\t<\/a>","protected":false},"excerpt":{"rendered":"<p>Live Proctoring Services Protect the integrity of your online exam Request a Demo Protect Integrity &#038; Maintain Credibility Certified live proctors monitor test-takers on a 6:1 student to proctor ratio. eProctor Canada&#8217;s live proctor&#8217;s confirm identities, ensure test-takers spaces are cohesive with exam protocols, and monitor test takers video and audio for the duration of&hellip;<\/p>","protected":false},"author":1,"featured_media":0,"parent":0,"menu_order":0,"comment_status":"closed","ping_status":"closed","template":"","meta":[],"_links":{"self":[{"href":"https:\/\/www.eproctorcanada.com\/fr\/wp-json\/wp\/v2\/pages\/10715"}],"collection":[{"href":"https:\/\/www.eproctorcanada.com\/fr\/wp-json\/wp\/v2\/pages"}],"about":[{"href":"https:\/\/www.eproctorcanada.com\/fr\/wp-json\/wp\/v2\/types\/page"}],"author":[{"embeddable":true,"href":"https:\/\/www.eproctorcanada.com\/fr\/wp-json\/wp\/v2\/users\/1"}],"replies":[{"embeddable":true,"href":"https:\/\/www.eproctorcanada.com\/fr\/wp-json\/wp\/v2\/comments?post=10715"}],"version-history":[{"count":17,"href":"https:\/\/www.eproctorcanada.com\/fr\/wp-json\/wp\/v2\/pages\/10715\/revisions"}],"predecessor-version":[{"id":10917,"href":"https:\/\/www.eproctorcanada.com\/fr\/wp-json\/wp\/v2\/pages\/10715\/revisions\/10917"}],"wp:attachment":[{"href":"https:\/\/www.eproctorcanada.com\/fr\/wp-json\/wp\/v2\/media?parent=10715"}],"curies":[{"name":"wp","href":"https:\/\/api.w.org\/{rel}","templated":true}]}}