{"id":10600,"date":"2020-01-10T14:10:37","date_gmt":"2020-01-10T19:10:37","guid":{"rendered":"http:\/\/kylea-wp.eproctorcanada.com\/?page_id=10600"},"modified":"2025-12-02T15:24:59","modified_gmt":"2025-12-02T20:24:59","slug":"contact-us","status":"publish","type":"page","link":"https:\/\/www.eproctorcanada.com\/fr\/contact-us\/","title":{"rendered":"Contactez-nous"},"content":{"rendered":"<a href=\"https:\/\/www.eproctorcanada.com\/fr\/\" target=\"_self\" itemprop=\"url\" rel=\"noopener noreferrer\">\n\t\t\t\t<img src=\"https:\/\/www.eproctorcanada.com\/wp-content\/uploads\/2020\/02\/logowhite.svg\" alt=\"logowhite\" itemprop=\"image\" title=\"logowhite\" onerror=\"this.style.display='none'\"  \/>\n\t\t\t\t<\/a>\n<h1>\n\t\tCONTACTEZ-NOUS\n\t<\/h1>\n<h3>\n\t\tDEMANDER UNE D\u00c9MO\n\t<\/h3>\n\t<p>Vous voulez en savoir plus sur la fa\u00e7on dont eProctor Canada peut aider votre organisation par la surveillance en ligne? Notre \u00e9quipe est l\u00e0 pour vous aider<\/p>\n\t<div role=\"form\" class=\"wpcf7\" id=\"wpcf7-f10772-o1\" lang=\"en-CA\" dir=\"ltr\">\n<div class=\"screen-reader-response\"><p role=\"status\" aria-live=\"polite\" aria-atomic=\"true\"><\/p> <ul><\/ul><\/div>\n<form action=\"\/fr\/wp-json\/wp\/v2\/pages\/10600#wpcf7-f10772-o1\" method=\"post\" class=\"wpcf7-form init\" novalidate=\"novalidate\" data-status=\"init\" data-trp-original-action=\"\/fr\/wp-json\/wp\/v2\/pages\/10600#wpcf7-f10772-o1\">\n<div style=\"display: none;\">\n<input type=\"hidden\" name=\"_wpcf7\" value=\"10772\" \/>\n<input type=\"hidden\" name=\"_wpcf7_version\" value=\"5.3\" \/>\n<input type=\"hidden\" name=\"_wpcf7_locale\" value=\"en_CA\" \/>\n<input type=\"hidden\" name=\"_wpcf7_unit_tag\" value=\"wpcf7-f10772-o1\" \/>\n<input type=\"hidden\" name=\"_wpcf7_container_post\" value=\"0\" \/>\n<input type=\"hidden\" name=\"_wpcf7_posted_data_hash\" value=\"\" \/>\n<\/div>\n<p><label>Nom (requis)<br \/>\n    <span class=\"wpcf7-form-control-wrap your-name\"><input type=\"text\" name=\"your-name\" value=\"\" size=\"40\" class=\"wpcf7-form-control wpcf7-text wpcf7-validates-as-required\" aria-required=\"true\" aria-invalid=\"false\" placeholder=\"Votre nom\" \/><\/span> <\/label><\/p>\n<p><label>Email (requis)<br \/>\n    <span class=\"wpcf7-form-control-wrap your-email\"><input type=\"email\" name=\"your-email\" value=\"\" size=\"40\" class=\"wpcf7-form-control wpcf7-text wpcf7-email wpcf7-validates-as-required wpcf7-validates-as-email\" aria-required=\"true\" aria-invalid=\"false\" placeholder=\"Votre email\" \/><\/span> <\/label><\/p>\n<p><label> Organisation<br \/>\n    <span class=\"wpcf7-form-control-wrap your-organization\"><input type=\"text\" name=\"your-organization\" value=\"\" size=\"40\" class=\"wpcf7-form-control wpcf7-text\" aria-invalid=\"false\" placeholder=\"Votre organisation\" \/><\/span> <\/label><br \/>\n<label> Num\u00e9ro de t\u00e9l\u00e9phone<br \/>\n<span class=\"wpcf7-form-control-wrap Phone\"><input type=\"tel\" name=\"Phone\" value=\"\" size=\"40\" class=\"wpcf7-form-control wpcf7-text wpcf7-tel wpcf7-validates-as-tel\" aria-invalid=\"false\" placeholder=\"Votre num\u00e9ro de t\u00e9l\u00e9phone\" \/><\/span><\/label><\/p>\n<p><label> Votre message<br \/>\n    <span class=\"wpcf7-form-control-wrap Message\"><textarea name=\"Message\" cols=\"40\" rows=\"10\" class=\"wpcf7-form-control wpcf7-textarea wpcf7-validates-as-required\" aria-required=\"true\" aria-invalid=\"false\" placeholder=\"Votre message\"><\/textarea><\/span><\/label><br \/>\n<span id=\"wpcf7-69d33f4c05e8c\" class=\"wpcf7-form-control-wrap honeypot-pskn-wrap\" style=\"display:none !important; visibility:hidden !important;\"><label  class=\"hp-message\">Please leave this field empty.<\/label><input class=\"wpcf7-form-control wpcf7-text\"  type=\"text\" name=\"honeypot-pskn\" value=\"\" size=\"40\" tabindex=\"-1\" autocomplete=\"nope\" \/><\/span><br \/>\n<input type=\"submit\" value=\"Envoyer\" class=\"wpcf7-form-control wpcf7-submit\" \/><\/p>\n<div class=\"wpcf7-response-output\" aria-hidden=\"true\"><\/div><input type=\"hidden\" name=\"trp-form-language\" value=\"fr\"\/><\/form><\/div>\n<h3>\n\t\tBESOIN D\u2019AIDE ?\n\t<\/h3>\n\t<p>Contactez notre \u00e9quipe d\u2019assistance avec des questions ou des commentaires et nous serons heureux de r\u00e9pondre d\u2019ici le prochain jour ouvrable. <\/p>\n<p>Email: support@eproctorcanada.com <\/p>\n<h3>\n\t\tAPPELEZ-NOUS\n\t<\/h3>\n<h3>\n\t\tDISPONIBLE DE 8H \u00c0 22H HNE\n\t<\/h3>\n<h2>\n\t\t1-844-595-2561\n\t<\/h2>","protected":false},"excerpt":{"rendered":"<p>CONTACT US REQUEST A DEMO Interested in learning about how eProctor Canada can assist your organization through online live proctoring? Our team is here to help! NEED HELP? Contact our Support Team with questions or comments and we will happily respond by the next business day. Email: support@eproctorcanada.com GIVE US A CALL AVAILABLE AT 8AM&hellip;<\/p>","protected":false},"author":1,"featured_media":0,"parent":0,"menu_order":0,"comment_status":"closed","ping_status":"closed","template":"","meta":[],"_links":{"self":[{"href":"https:\/\/www.eproctorcanada.com\/fr\/wp-json\/wp\/v2\/pages\/10600"}],"collection":[{"href":"https:\/\/www.eproctorcanada.com\/fr\/wp-json\/wp\/v2\/pages"}],"about":[{"href":"https:\/\/www.eproctorcanada.com\/fr\/wp-json\/wp\/v2\/types\/page"}],"author":[{"embeddable":true,"href":"https:\/\/www.eproctorcanada.com\/fr\/wp-json\/wp\/v2\/users\/1"}],"replies":[{"embeddable":true,"href":"https:\/\/www.eproctorcanada.com\/fr\/wp-json\/wp\/v2\/comments?post=10600"}],"version-history":[{"count":59,"href":"https:\/\/www.eproctorcanada.com\/fr\/wp-json\/wp\/v2\/pages\/10600\/revisions"}],"predecessor-version":[{"id":11152,"href":"https:\/\/www.eproctorcanada.com\/fr\/wp-json\/wp\/v2\/pages\/10600\/revisions\/11152"}],"wp:attachment":[{"href":"https:\/\/www.eproctorcanada.com\/fr\/wp-json\/wp\/v2\/media?parent=10600"}],"curies":[{"name":"wp","href":"https:\/\/api.w.org\/{rel}","templated":true}]}}