{"id":10578,"date":"2019-11-15T09:39:32","date_gmt":"2019-11-15T14:39:32","guid":{"rendered":"http:\/\/kylea-wp.eproctorcanada.com\/?page_id=10578"},"modified":"2025-12-02T14:38:54","modified_gmt":"2025-12-02T19:38:54","slug":"how-to-use-eproctor-canada","status":"publish","type":"page","link":"https:\/\/www.eproctorcanada.com\/fr\/how-to-use-eproctor-canada\/","title":{"rendered":"Utilisation d\u2019eProctor Canada"},"content":{"rendered":"<a href=\"https:\/\/www.eproctorcanada.com\/fr\/\" target=\"_self\" itemprop=\"url\" rel=\"noopener noreferrer\">\n\t\t\t\t<img src=\"https:\/\/www.eproctorcanada.com\/wp-content\/uploads\/2020\/02\/logowhite.svg\" alt=\"logowhite\" itemprop=\"image\" title=\"logowhite\" onerror=\"this.style.display='none'\"  \/>\n\t\t\t\t<\/a>\n<h3>\n\t\tComment\n\t<\/h3>\n<h1>\n\t\tr\u00e9server et remplir votre examen\n\t<\/h1>\n<h1>\n\t\tVid\u00e9os p\u00e9dagogiques\n\t<\/h1>\n\t<meta itemprop=\"url\" content=\"https:\/\/www.eproctorcanada.com\/wp-content\/uploads\/videos\/JX0015_vid01_eproctor_account_creation.mp4\" \/><div style=\"width: 640px;\" class=\"wp-video\"><!--[if lt IE 9]><script>document.createElement('video');<\/script><![endif]-->\n<video class=\"wp-video-shortcode\" id=\"video-10578-1\" width=\"640\" height=\"360\" poster=\"https:\/\/www.eproctorcanada.com\/wp-content\/uploads\/2022\/10\/create_account_poster.png\" preload=\"none\" controls=\"controls\"><source type=\"video\/mp4\" src=\"https:\/\/www.eproctorcanada.com\/wp-content\/uploads\/videos\/JX0015_vid01_eproctor_account_creation.mp4?_=1\" \/><a href=\"https:\/\/www.eproctorcanada.com\/wp-content\/uploads\/videos\/JX0015_vid01_eproctor_account_creation.mp4\">https:\/\/www.eproctorcanada.com\/wp-content\/uploads\/videos\/JX0015_vid01_eproctor_account_creation.mp4<\/a><\/video><\/div>\n\t<meta itemprop=\"url\" content=\"https:\/\/www.eproctorcanada.com\/wp-content\/uploads\/videos\/JX0015_vid03_eproctor-login-exam.mp4\" \/><div style=\"width: 640px;\" class=\"wp-video\"><video class=\"wp-video-shortcode\" id=\"video-10578-2\" width=\"640\" height=\"360\" poster=\"https:\/\/www.eproctorcanada.com\/wp-content\/uploads\/2022\/10\/login_poster.png\" preload=\"none\" controls=\"controls\"><source type=\"video\/mp4\" src=\"https:\/\/www.eproctorcanada.com\/wp-content\/uploads\/videos\/JX0015_vid03_eproctor-login-exam.mp4?_=2\" \/><a href=\"https:\/\/www.eproctorcanada.com\/wp-content\/uploads\/videos\/JX0015_vid03_eproctor-login-exam.mp4\">https:\/\/www.eproctorcanada.com\/wp-content\/uploads\/videos\/JX0015_vid03_eproctor-login-exam.mp4<\/a><\/video><\/div>\n\t<meta itemprop=\"url\" content=\"https:\/\/www.eproctorcanada.com\/wp-content\/uploads\/videos\/JX0015_vid02_eproctor-book_exam.mp4\" \/><div style=\"width: 640px;\" class=\"wp-video\"><video class=\"wp-video-shortcode\" id=\"video-10578-3\" width=\"640\" height=\"360\" poster=\"https:\/\/www.eproctorcanada.com\/wp-content\/uploads\/2022\/10\/register.png\" preload=\"none\" controls=\"controls\"><source type=\"video\/mp4\" src=\"https:\/\/www.eproctorcanada.com\/wp-content\/uploads\/videos\/JX0015_vid02_eproctor-book_exam.mp4?_=3\" \/><a href=\"https:\/\/www.eproctorcanada.com\/wp-content\/uploads\/videos\/JX0015_vid02_eproctor-book_exam.mp4\">https:\/\/www.eproctorcanada.com\/wp-content\/uploads\/videos\/JX0015_vid02_eproctor-book_exam.mp4<\/a><\/video><\/div>\n<h3>\n\t\tExamen facile \u00e0 r\u00e9server et \u00e0 terminer !\n\t<\/h3>\n\t<p class=\" translation-block\">\u00c9tapes de eProctor : <a href=\"https:\/\/www.eproctorcanada.com\/wp-content\/uploads\/2020\/12\/eProctor-Steps-3.pdf\" target=\"_self\" rel=\"noopener\"><i class=\"fa fa-print\"><\/i>PDF imprimable<\/a> \u00a0<a href=\"https:\/\/www.eproctorcanada.com\/wp-content\/uploads\/2020\/12\/eProctor-Steps-3.pdf\" target=\"_self\" rel=\"noopener\" download=\"eProctor-Steps-3.pdf\"><i class=\"fa fa-download\"><\/i>T\u00e9l\u00e9charger<\/a><\/p>\n\t\t\t\t<img loading=\"lazy\" src=\"https:\/\/www.eproctorcanada.com\/wp-content\/uploads\/2021\/08\/Copy-of-eProctor-Steps.png\" alt=\"Copy of eProctor Steps\" itemprop=\"image\" height=\"2000\" width=\"1294\" title=\"Copie des \u00e9tapes eProctor\" onerror=\"this.style.display='none'\"  \/>\n<h3>\n\t\tPolitique de tol\u00e9rance z\u00e9ro\n\t<\/h3>\n\t<p>Tout comportement malhonn\u00eate et suspect sera signal\u00e9 par le surveillant. Un rapport d\u00e9taill\u00e9 sera envoy\u00e9, avec enregistrement de l'examen comprenant l'audio, la surveillance de l'\u00e9cran et la vid\u00e9o webcam. Notre logiciel a la capacit\u00e9 de retirer les \u00e9tudiants de l'examen au premier signe de comportement trompeur.\u00a0<\/p>\n<h4>eProctor Canada a une politique de tol\u00e9rance z\u00e9ro contre la tricherie.\u00a0<\/h4>","protected":false},"excerpt":{"rendered":"<p>How To Book and Complete your Exam Instructional Videos Easy to Book and complete Exam! eProctor Steps: Printable PDF \u00a0Download Zero Tolerence Policy All dishonest and suspicious behavior will be flagged by the proctor.\u00a0 A detailed report will be sent, with recording of the exam including the audio, screen monitoring and webcam video.\u00a0 Our software&hellip;<\/p>","protected":false},"author":1,"featured_media":0,"parent":0,"menu_order":0,"comment_status":"closed","ping_status":"closed","template":"","meta":[],"_links":{"self":[{"href":"https:\/\/www.eproctorcanada.com\/fr\/wp-json\/wp\/v2\/pages\/10578"}],"collection":[{"href":"https:\/\/www.eproctorcanada.com\/fr\/wp-json\/wp\/v2\/pages"}],"about":[{"href":"https:\/\/www.eproctorcanada.com\/fr\/wp-json\/wp\/v2\/types\/page"}],"author":[{"embeddable":true,"href":"https:\/\/www.eproctorcanada.com\/fr\/wp-json\/wp\/v2\/users\/1"}],"replies":[{"embeddable":true,"href":"https:\/\/www.eproctorcanada.com\/fr\/wp-json\/wp\/v2\/comments?post=10578"}],"version-history":[{"count":45,"href":"https:\/\/www.eproctorcanada.com\/fr\/wp-json\/wp\/v2\/pages\/10578\/revisions"}],"predecessor-version":[{"id":11150,"href":"https:\/\/www.eproctorcanada.com\/fr\/wp-json\/wp\/v2\/pages\/10578\/revisions\/11150"}],"wp:attachment":[{"href":"https:\/\/www.eproctorcanada.com\/fr\/wp-json\/wp\/v2\/media?parent=10578"}],"curies":[{"name":"wp","href":"https:\/\/api.w.org\/{rel}","templated":true}]}}